{"id":554,"date":"2025-05-20T09:15:36","date_gmt":"2025-05-20T06:15:36","guid":{"rendered":"https:\/\/prikaz3.wordpress.com\/?page_id=554"},"modified":"2025-05-20T09:15:36","modified_gmt":"2025-05-20T06:15:36","slug":"ulesanne-7-2-parking","status":"publish","type":"page","link":"https:\/\/romanprikaztsikov24.thkit.ee\/wp\/ulesanne-7-2-parking\/","title":{"rendered":"\u00dclesanne 7.2 Parking"},"content":{"rendered":"\n<h3 class=\"wp-block-heading\" id=\"yui_3_17_2_1_1747719777992_504\"><strong>Eesm\u00e4rk:<\/strong><\/h3>\n\n\n\n<p>Luua <strong>automaatne parkimist\u00f5kkepuu<\/strong>, mis tuvastab s\u00f5iduki l\u00e4henemise ja <strong>avab t\u00f5kkepuu automaatselt<\/strong>, kasutades erinevaid sensoreid. S\u00fcsteemi eesm\u00e4rk on muuta parkimine <strong>mugavamaks, t\u00e4psemaks ja turvalisemaks<\/strong>, j\u00e4lgides samal ajal ka parkimisala t\u00e4ituvust.<\/p>\n\n\n\n<figure class=\"wp-block-image size-large\"><img decoding=\"async\" width=\"878\" height=\"675\" data-src=\"https:\/\/romanprikaztsikov24.thkit.ee\/wp\/wp-content\/uploads\/2025\/05\/7.2-4.png?w=878\" alt=\"\" class=\"wp-image-555 lazyload\" data-srcset=\"https:\/\/romanprikaztsikov24.thkit.ee\/wp\/wp-content\/uploads\/2025\/05\/7.2-4.png 878w, https:\/\/romanprikaztsikov24.thkit.ee\/wp\/wp-content\/uploads\/2025\/05\/7.2-4-300x231.png 300w, https:\/\/romanprikaztsikov24.thkit.ee\/wp\/wp-content\/uploads\/2025\/05\/7.2-4-768x590.png 768w\" data-sizes=\"(max-width: 878px) 100vw, 878px\" src=\"data:image\/svg+xml;base64,PHN2ZyB3aWR0aD0iMSIgaGVpZ2h0PSIxIiB4bWxucz0iaHR0cDovL3d3dy53My5vcmcvMjAwMC9zdmciPjwvc3ZnPg==\" style=\"--smush-placeholder-width: 878px; --smush-placeholder-aspect-ratio: 878\/675;\" \/><\/figure>\n\n\n\n<p>Komponendid<\/p>\n\n\n\n<p>1x Arduino UNO<br>1x LCD Ekraan<br>1x Potentsiometer<br>3x 220 Oom Takisti<br>21x Juhtmed<br>1x Servomotor<br>1x Sensor<\/p>\n\n\n\n<p><strong>T\u00f6\u00f6 protsess:<\/strong><br><strong>Ultrahelisensor<\/strong>: M\u00e4\u00e4rab kauguse ja tuvastab auto, kui see on parkimisala l\u00e4hedal (alla 15 cm).<\/p>\n\n\n\n<p><strong>T\u00f5kkepuu avamine<\/strong>: Kui auto tuvastatakse ja parkimiskohti on vabu, avatakse t\u00f5kkepuu ja loetakse auto sisseminek.<\/p>\n\n\n\n<p><strong>Parkimiskohtade arv<\/strong>: Kood j\u00e4lgib, kui palju autosid on parkinud. Kui k\u00f5ik kohad on t\u00e4is, t\u00f5kkepuu ei avane.<\/p>\n\n\n\n<p><strong>T\u00f5kkepuu sulgemine<\/strong>: Kui auto lahkub v\u00f5i parkimiskohad on t\u00e4is, t\u00f5kkepuu sulgub automaatselt p\u00e4rast 10-sekundilist viivitust.<\/p>\n\n\n\n<p><strong>Ekraan ja LED-id<\/strong>: LCD-ekraan n\u00e4itab vabu kohti. LED-id muudavad v\u00e4rvi: roheline (ruumi on), punane (t\u00e4is).<\/p>\n\n\n\n<p><strong>Debounce ja aeg<\/strong>: Takistab liigselt kiireid aktiveerimisi ja tagab, et t\u00f5kkepuu ei j\u00e4\u00e4 liiga kauaks avatuks.<\/p>\n\n\n\n<p><a href=\"https:\/\/drive.google.com\/file\/d\/1M4lsxTWpcef3bSPGRgCDcgbBfG0f-622\/view?usp=sharing\">Video<\/a><\/p>\n\n\n\n<p><a href=\"https:\/\/github.com\/RomanPrikaztsikov\/Robotika\/blob\/main\/ulesanne72.ino\">Kood<\/a><\/p>\n","protected":false},"excerpt":{"rendered":"<p>Eesm\u00e4rk: Luua automaatne parkimist\u00f5kkepuu, mis tuvastab s\u00f5iduki l\u00e4henemise ja avab t\u00f5kkepuu automaatselt, kasutades erinevaid sensoreid. S\u00fcsteemi eesm\u00e4rk on muuta parkimine mugavamaks, t\u00e4psemaks ja turvalisemaks, j\u00e4lgides samal ajal ka parkimisala t\u00e4ituvust. Komponendid 1x Arduino UNO1x LCD Ekraan1x Potentsiometer3x 220 Oom Takisti21x Juhtmed1x Servomotor1x Sensor T\u00f6\u00f6 protsess:Ultrahelisensor: M\u00e4\u00e4rab kauguse ja tuvastab auto, kui see on parkimisala l\u00e4hedal [&hellip;]<\/p>\n","protected":false},"author":1,"featured_media":0,"parent":0,"menu_order":0,"comment_status":"closed","ping_status":"closed","template":"page-with-title","meta":{"footnotes":""},"class_list":["post-554","page","type-page","status-publish","hentry"],"yoast_head":"<!-- This site is optimized with the Yoast SEO plugin v27.4 - https:\/\/yoast.com\/product\/yoast-seo-wordpress\/ -->\n<title>\u00dclesanne 7.2 Parking - Roman Prikaztsikov Portfolio<\/title>\n<meta name=\"robots\" content=\"index, follow, max-snippet:-1, max-image-preview:large, max-video-preview:-1\" \/>\n<link rel=\"canonical\" href=\"https:\/\/romanprikaztsikov24.thkit.ee\/wp\/ulesanne-7-2-parking\/\" \/>\n<meta property=\"og:locale\" content=\"et_EE\" \/>\n<meta property=\"og:type\" content=\"article\" \/>\n<meta property=\"og:title\" content=\"\u00dclesanne 7.2 Parking - Roman Prikaztsikov Portfolio\" \/>\n<meta property=\"og:description\" content=\"Eesm\u00e4rk: Luua automaatne parkimist\u00f5kkepuu, mis tuvastab s\u00f5iduki l\u00e4henemise ja avab t\u00f5kkepuu automaatselt, kasutades erinevaid sensoreid. S\u00fcsteemi eesm\u00e4rk on muuta parkimine mugavamaks, t\u00e4psemaks ja turvalisemaks, j\u00e4lgides samal ajal ka parkimisala t\u00e4ituvust. Komponendid 1x Arduino UNO1x LCD Ekraan1x Potentsiometer3x 220 Oom Takisti21x Juhtmed1x Servomotor1x Sensor T\u00f6\u00f6 protsess:Ultrahelisensor: M\u00e4\u00e4rab kauguse ja tuvastab auto, kui see on parkimisala l\u00e4hedal [&hellip;]\" \/>\n<meta property=\"og:url\" content=\"https:\/\/romanprikaztsikov24.thkit.ee\/wp\/ulesanne-7-2-parking\/\" \/>\n<meta property=\"og:site_name\" content=\"Roman Prikaztsikov Portfolio\" \/>\n<meta property=\"og:image\" content=\"https:\/\/romanprikaztsikov24.thkit.ee\/wp\/wp-content\/uploads\/2025\/05\/7.2-4.png\" \/>\n\t<meta property=\"og:image:width\" content=\"878\" \/>\n\t<meta property=\"og:image:height\" content=\"675\" \/>\n\t<meta property=\"og:image:type\" content=\"image\/png\" \/>\n<meta name=\"twitter:card\" content=\"summary_large_image\" \/>\n<meta name=\"twitter:label1\" content=\"Est. reading time\" \/>\n\t<meta name=\"twitter:data1\" content=\"1 minut\" \/>\n<script type=\"application\/ld+json\" class=\"yoast-schema-graph\">{\"@context\":\"https:\\\/\\\/schema.org\",\"@graph\":[{\"@type\":\"WebPage\",\"@id\":\"https:\\\/\\\/romanprikaztsikov24.thkit.ee\\\/wp\\\/ulesanne-7-2-parking\\\/\",\"url\":\"https:\\\/\\\/romanprikaztsikov24.thkit.ee\\\/wp\\\/ulesanne-7-2-parking\\\/\",\"name\":\"\u00dclesanne 7.2 Parking - Roman Prikaztsikov Portfolio\",\"isPartOf\":{\"@id\":\"https:\\\/\\\/romanprikaztsikov24.thkit.ee\\\/wp\\\/#website\"},\"primaryImageOfPage\":{\"@id\":\"https:\\\/\\\/romanprikaztsikov24.thkit.ee\\\/wp\\\/ulesanne-7-2-parking\\\/#primaryimage\"},\"image\":{\"@id\":\"https:\\\/\\\/romanprikaztsikov24.thkit.ee\\\/wp\\\/ulesanne-7-2-parking\\\/#primaryimage\"},\"thumbnailUrl\":\"https:\\\/\\\/romanprikaztsikov24.thkit.ee\\\/wp\\\/wp-content\\\/uploads\\\/2025\\\/05\\\/7.2-4.png?w=878\",\"datePublished\":\"2025-05-20T06:15:36+00:00\",\"breadcrumb\":{\"@id\":\"https:\\\/\\\/romanprikaztsikov24.thkit.ee\\\/wp\\\/ulesanne-7-2-parking\\\/#breadcrumb\"},\"inLanguage\":\"et\",\"potentialAction\":[{\"@type\":\"ReadAction\",\"target\":[\"https:\\\/\\\/romanprikaztsikov24.thkit.ee\\\/wp\\\/ulesanne-7-2-parking\\\/\"]}]},{\"@type\":\"ImageObject\",\"inLanguage\":\"et\",\"@id\":\"https:\\\/\\\/romanprikaztsikov24.thkit.ee\\\/wp\\\/ulesanne-7-2-parking\\\/#primaryimage\",\"url\":\"https:\\\/\\\/romanprikaztsikov24.thkit.ee\\\/wp\\\/wp-content\\\/uploads\\\/2025\\\/05\\\/7.2-4.png\",\"contentUrl\":\"https:\\\/\\\/romanprikaztsikov24.thkit.ee\\\/wp\\\/wp-content\\\/uploads\\\/2025\\\/05\\\/7.2-4.png\",\"width\":878,\"height\":675},{\"@type\":\"BreadcrumbList\",\"@id\":\"https:\\\/\\\/romanprikaztsikov24.thkit.ee\\\/wp\\\/ulesanne-7-2-parking\\\/#breadcrumb\",\"itemListElement\":[{\"@type\":\"ListItem\",\"position\":1,\"name\":\"Home\",\"item\":\"https:\\\/\\\/romanprikaztsikov24.thkit.ee\\\/wp\\\/\"},{\"@type\":\"ListItem\",\"position\":2,\"name\":\"\u00dclesanne 7.2 Parking\"}]},{\"@type\":\"WebSite\",\"@id\":\"https:\\\/\\\/romanprikaztsikov24.thkit.ee\\\/wp\\\/#website\",\"url\":\"https:\\\/\\\/romanprikaztsikov24.thkit.ee\\\/wp\\\/\",\"name\":\"Roman Prikaztsikov Portfolio\",\"description\":\"J&auml;rgmine WordPress veebileht\",\"potentialAction\":[{\"@type\":\"SearchAction\",\"target\":{\"@type\":\"EntryPoint\",\"urlTemplate\":\"https:\\\/\\\/romanprikaztsikov24.thkit.ee\\\/wp\\\/?s={search_term_string}\"},\"query-input\":{\"@type\":\"PropertyValueSpecification\",\"valueRequired\":true,\"valueName\":\"search_term_string\"}}],\"inLanguage\":\"et\"}]}<\/script>\n<!-- \/ Yoast SEO plugin. -->","yoast_head_json":{"title":"\u00dclesanne 7.2 Parking - Roman Prikaztsikov Portfolio","robots":{"index":"index","follow":"follow","max-snippet":"max-snippet:-1","max-image-preview":"max-image-preview:large","max-video-preview":"max-video-preview:-1"},"canonical":"https:\/\/romanprikaztsikov24.thkit.ee\/wp\/ulesanne-7-2-parking\/","og_locale":"et_EE","og_type":"article","og_title":"\u00dclesanne 7.2 Parking - Roman Prikaztsikov Portfolio","og_description":"Eesm\u00e4rk: Luua automaatne parkimist\u00f5kkepuu, mis tuvastab s\u00f5iduki l\u00e4henemise ja avab t\u00f5kkepuu automaatselt, kasutades erinevaid sensoreid. S\u00fcsteemi eesm\u00e4rk on muuta parkimine mugavamaks, t\u00e4psemaks ja turvalisemaks, j\u00e4lgides samal ajal ka parkimisala t\u00e4ituvust. Komponendid 1x Arduino UNO1x LCD Ekraan1x Potentsiometer3x 220 Oom Takisti21x Juhtmed1x Servomotor1x Sensor T\u00f6\u00f6 protsess:Ultrahelisensor: M\u00e4\u00e4rab kauguse ja tuvastab auto, kui see on parkimisala l\u00e4hedal [&hellip;]","og_url":"https:\/\/romanprikaztsikov24.thkit.ee\/wp\/ulesanne-7-2-parking\/","og_site_name":"Roman Prikaztsikov Portfolio","og_image":[{"width":878,"height":675,"url":"https:\/\/romanprikaztsikov24.thkit.ee\/wp\/wp-content\/uploads\/2025\/05\/7.2-4.png","type":"image\/png"}],"twitter_card":"summary_large_image","twitter_misc":{"Est. reading time":"1 minut"},"schema":{"@context":"https:\/\/schema.org","@graph":[{"@type":"WebPage","@id":"https:\/\/romanprikaztsikov24.thkit.ee\/wp\/ulesanne-7-2-parking\/","url":"https:\/\/romanprikaztsikov24.thkit.ee\/wp\/ulesanne-7-2-parking\/","name":"\u00dclesanne 7.2 Parking - Roman Prikaztsikov Portfolio","isPartOf":{"@id":"https:\/\/romanprikaztsikov24.thkit.ee\/wp\/#website"},"primaryImageOfPage":{"@id":"https:\/\/romanprikaztsikov24.thkit.ee\/wp\/ulesanne-7-2-parking\/#primaryimage"},"image":{"@id":"https:\/\/romanprikaztsikov24.thkit.ee\/wp\/ulesanne-7-2-parking\/#primaryimage"},"thumbnailUrl":"https:\/\/romanprikaztsikov24.thkit.ee\/wp\/wp-content\/uploads\/2025\/05\/7.2-4.png?w=878","datePublished":"2025-05-20T06:15:36+00:00","breadcrumb":{"@id":"https:\/\/romanprikaztsikov24.thkit.ee\/wp\/ulesanne-7-2-parking\/#breadcrumb"},"inLanguage":"et","potentialAction":[{"@type":"ReadAction","target":["https:\/\/romanprikaztsikov24.thkit.ee\/wp\/ulesanne-7-2-parking\/"]}]},{"@type":"ImageObject","inLanguage":"et","@id":"https:\/\/romanprikaztsikov24.thkit.ee\/wp\/ulesanne-7-2-parking\/#primaryimage","url":"https:\/\/romanprikaztsikov24.thkit.ee\/wp\/wp-content\/uploads\/2025\/05\/7.2-4.png","contentUrl":"https:\/\/romanprikaztsikov24.thkit.ee\/wp\/wp-content\/uploads\/2025\/05\/7.2-4.png","width":878,"height":675},{"@type":"BreadcrumbList","@id":"https:\/\/romanprikaztsikov24.thkit.ee\/wp\/ulesanne-7-2-parking\/#breadcrumb","itemListElement":[{"@type":"ListItem","position":1,"name":"Home","item":"https:\/\/romanprikaztsikov24.thkit.ee\/wp\/"},{"@type":"ListItem","position":2,"name":"\u00dclesanne 7.2 Parking"}]},{"@type":"WebSite","@id":"https:\/\/romanprikaztsikov24.thkit.ee\/wp\/#website","url":"https:\/\/romanprikaztsikov24.thkit.ee\/wp\/","name":"Roman Prikaztsikov Portfolio","description":"J&auml;rgmine WordPress veebileht","potentialAction":[{"@type":"SearchAction","target":{"@type":"EntryPoint","urlTemplate":"https:\/\/romanprikaztsikov24.thkit.ee\/wp\/?s={search_term_string}"},"query-input":{"@type":"PropertyValueSpecification","valueRequired":true,"valueName":"search_term_string"}}],"inLanguage":"et"}]}},"_links":{"self":[{"href":"https:\/\/romanprikaztsikov24.thkit.ee\/wp\/wp-json\/wp\/v2\/pages\/554","targetHints":{"allow":["GET"]}}],"collection":[{"href":"https:\/\/romanprikaztsikov24.thkit.ee\/wp\/wp-json\/wp\/v2\/pages"}],"about":[{"href":"https:\/\/romanprikaztsikov24.thkit.ee\/wp\/wp-json\/wp\/v2\/types\/page"}],"author":[{"embeddable":true,"href":"https:\/\/romanprikaztsikov24.thkit.ee\/wp\/wp-json\/wp\/v2\/users\/1"}],"replies":[{"embeddable":true,"href":"https:\/\/romanprikaztsikov24.thkit.ee\/wp\/wp-json\/wp\/v2\/comments?post=554"}],"version-history":[{"count":0,"href":"https:\/\/romanprikaztsikov24.thkit.ee\/wp\/wp-json\/wp\/v2\/pages\/554\/revisions"}],"wp:attachment":[{"href":"https:\/\/romanprikaztsikov24.thkit.ee\/wp\/wp-json\/wp\/v2\/media?parent=554"}],"curies":[{"name":"wp","href":"https:\/\/api.w.org\/{rel}","templated":true}]}}