{"id":719,"date":"2025-10-09T11:53:16","date_gmt":"2025-10-09T08:53:16","guid":{"rendered":"https:\/\/prikaz3.wordpress.com\/?page_id=719"},"modified":"2025-10-09T10:24:09","modified_gmt":"2025-10-09T10:24:09","slug":"js-muusika-ankeedi-loomine","status":"publish","type":"page","link":"https:\/\/romanprikaztsikov24.thkit.ee\/wp\/js-muusika-ankeedi-loomine\/","title":{"rendered":"JS: Muusika ankeedi loomine"},"content":{"rendered":"\n<h1>Muusika K\u00fcsimused<\/h1>\n\n\n<table id=\"table\">\n  <tr>\n    <td>\n      Milliseid muusikuid\/ansambleid sa tead?<br>\n      <input type=\"checkbox\" id=\"muusik1\" value=\"Eminem\" onchange=\"muusikValik()\"> Eminem\n      <br>\n      <input type=\"checkbox\" id=\"muusik2\" value=\"50Cent\" onchange=\"muusikValik()\"> 50Cent\n      <br>\n      <input type=\"checkbox\" id=\"muusik3\" value=\"Buldozers\" onchange=\"muusikValik()\"> Buldozers\n    <\/td>\n    <td id=\"vastus1\"><\/td>\n  <\/tr>\n\n  <tr>\n    <td>\n      Mida arvad muusika kuulamisest koolis?<br>\n      <textarea id=\"tekst\" oninput=\"arvamus()\"><\/textarea>\n    <\/td>\n    <td id=\"vastus2\"><\/td>\n  <\/tr>\n\n  <tr>\n    <td>\n      Mitu tundi p\u00e4evas kuulad muusikat?<br>\n      0<input type=\"range\" id=\"muusikaSlider\" min=\"0\" max=\"24\" onchange=\"muusikaSlider()\">24\n    <\/td>\n    <td id=\"vastus3\"><\/td>\n  <\/tr>\n\n  <tr>\n    <td>\n      Kas sa kuulad raadiot?<br>\n      <input type=\"radio\" id=\"jah\" name=\"radio\" value=\"jah\" onchange=\"radiokuulamine()\"> Jah\n      <input type=\"radio\" id=\"ei\" name=\"radio\" value=\"ei\" onchange=\"radiokuulamine()\"> Ei\n    <\/td>\n    <td id=\"vastus4\"><\/td>\n  <\/tr>\n\n  <tr>\n    <td>\n      Milliseid raadiojaamu oskad nimetada?\n      <br>\n      <input type=\"text\" id=\"jaamad\" oninput=\"raadiojaamad()\">\n    <\/td>\n    <td id=\"vastus5\"><\/td>\n  <\/tr>\n\n  <tr>\n    <td>\n      Millist muusikat sa k\u00f5ige rohkem kuulad?\n      <br>\n      <label for=\"hiphop\">HipHop<\/label><input type=\"radio\" id=\"hiphop\" name=\"muusika\" value=\"hiphop\">\n      <br>\n      <label for=\"rock\">Rock<\/label><input type=\"radio\" id=\"rock\" name=\"muusika\" value=\"rock\">\n      <br>\n      <label for=\"jazz\">Jazz<\/label><input type=\"radio\" id=\"jazz\" name=\"muusika\" value=\"jazz\">\n      <br>\n      <label for=\"klassika\">Klassika<\/label><input type=\"radio\" id=\"klassika\" name=\"muusika\" value=\"klassika\">\n      <br>\n      <label for=\"elektronika\">Elektronika<\/label><input type=\"radio\" id=\"elektronika\" name=\"muusika\" value=\"elektronika\">\n      <br>\n      <label for=\"rap\">Rap<\/label><input type=\"radio\" id=\"rap\" name=\"muusika\" value=\"rap\">\n    <\/td>\n    <td><\/td>\n  <\/tr>\n\n  <tr>\n    <td>\n      <input type=\"button\" value=\"Puhasta\" onclick=\"puhasta()\">\n    <\/td>\n    <td><\/td>\n  <\/tr>\n\n<tr>\n  <td>\n    <input type=\"button\" value=\"Saada\" onclick=\"kokkuvote()\">\n    <div id=\"kokkuvote\"><\/div>\n  <\/td>\n  <td><\/td>\n<\/tr>\n\n<\/table>\n\n\n\n<style>\nbody {\n    font-family: Arial, sans-serif;\n    background-color: #f9f9f9;\n    color: #333;\n    margin: 20px;\n}\n\nh1 {\n    color: #2c3e50;\n}\n\ntable {\n    border: 1px solid #999;\n    border-collapse: collapse;\n}\n\ntd {\n    padding: 10px;\n    border: 1px solid #ccc;\n}\n\ntextarea {\n    width: 100%;\n    height: 80px;\n    font-family: Arial, sans-serif;\n    font-size: 14px;\n}\n\ninput[type=\"range\"] {\n    width: 200px;\n}\n\ninput[type=\"button\"] {\n    padding: 6px 12px;\n    font-size: 14px;\n    cursor: pointer;\n    background-color: #2c3e50;\n    color: white;\n    border: none;\n    border-radius: 4px;\n}\n\ninput[type=\"button\"]:hover {\n    background-color: #34495e;\n}\n\n<\/style>\n\n\n\n<script>\nfunction raadiojaamad() {\n    let jaamad = document.getElementById(\"jaamad\");\n    let vastus5 = document.getElementById(\"vastus5\");\n    vastus5.innerText = \"Sinu nimetatud jaamad: \" + jaamad.value;\n}\n\nfunction arvamus() {\n    let tekst = document.getElementById(\"tekst\");\n    let vastus2 = document.getElementById(\"vastus2\");\n    vastus2.innerText = \"Sinu arvamus: \" + tekst.value;\n}\n\nfunction muusikaSlider() {\n    let slider = document.getElementById(\"muusikaSlider\");\n    let vastus3 = document.getElementById(\"vastus3\");\n    vastus3.innerText = \"Sa kuulad muusikat \" + slider.value + \" tundi p\u00e4evas\";\n}\n\nfunction radiokuulamine() {\n    let vastus4 = document.getElementById(\"vastus4\");\n    let jah = document.getElementById(\"jah\");\n\n    if (jah.checked) {\n        vastus4.innerText = \"Raadio kuulamine: jah\";\n    } else {\n        vastus4.innerText = \"Raadio kuulamine: ei\";\n    }\n}\n\nfunction muusikValik() {\n    let muusik1 = document.getElementById(\"muusik1\");\n    let muusik2 = document.getElementById(\"muusik2\");\n    let muusik3 = document.getElementById(\"muusik3\");\n    let vastus1 = document.getElementById(\"vastus1\");\n\n    let valik = \"\";\n\n    if (muusik1.checked) {\n        valik = valik + muusik1.value + \", \";\n    }\n    if (muusik2.checked) {\n        valik = valik + muusik2.value + \", \";\n    }\n    if (muusik3.checked) {\n        valik = valik + muusik3.value + \", \";\n    }\n\n    if (valik == \"\") {\n        vastus1.innerText = \"Sinu valitud muusikud: ...\";\n    } else {\n        vastus1.innerText = \"Sinu valitud muusikud: \" + valik;\n    }\n}\n\nfunction puhasta() {\n    let vastus1 = document.getElementById(\"vastus1\");\n    let muusik1 = document.getElementById(\"muusik1\");\n    let muusik2 = document.getElementById(\"muusik2\");\n    let muusik3 = document.getElementById(\"muusik3\");\n    let vastus2 = document.getElementById(\"vastus2\");\n    let tekst = document.getElementById(\"tekst\");\n    let vastus3 = document.getElementById(\"vastus3\");\n    let slider = document.getElementById(\"muusikaSlider\");\n    let vastus4 = document.getElementById(\"vastus4\");\n    let jah = document.getElementById(\"jah\");\n    let ei = document.getElementById(\"ei\");\n    let vastus5 = document.getElementById(\"vastus5\");\n    let jaamad = document.getElementById(\"jaamad\");\n    let kokkuvote = document.getElementById(\"kokkuvote\");\n\n    vastus1.innerText = \"\";\n    muusik1.checked = false;\n    muusik2.checked = false;\n    muusik3.checked = false;\n\n    vastus2.innerText = \"\";\n    tekst.value = \"\";\n\n    vastus3.innerText = \"\";\n    slider.value = 12;\n\n    vastus4.innerText = \"\";\n    jah.checked = false;\n    ei.checked = false;\n\n    vastus5.innerText = \"\";\n    jaamad.value = \"\";\n\n    kokkuvote.innerText = \"\";\n\n    document.getElementById(\"hiphop\").checked = false;\n    document.getElementById(\"rock\").checked = false;\n    document.getElementById(\"jazz\").checked = false;\n    document.getElementById(\"klassika\").checked = false;\n    document.getElementById(\"elektronika\").checked = false;\n    document.getElementById(\"rap\").checked = false;\n}\n\nfunction kokkuvote() {\n    let kokku = \"\";\n    kokku += document.getElementById(\"vastus1\").innerText + \", \";\n    kokku += document.getElementById(\"vastus2\").innerText + \", \";\n    kokku += document.getElementById(\"vastus3\").innerText + \", \";\n    kokku += document.getElementById(\"vastus4\").innerText + \", \";\n    kokku += document.getElementById(\"vastus5\").innerText + \", \";\n    document.getElementById(\"kokkuvote\").innerText = kokku;\n}\n\n\n<\/script>\n\n\n\n<h2 class=\"wp-block-heading\">Javascript funktsioonid<\/h2>\n\n\n\n<p><strong>See funktsioon v\u00f5tab kasutaja poolt valitud raadiojaamade nime ja kuvab selle.<\/strong><\/p>\n\n\n\n<pre class=\"wp-block-code\"><code>function raadiojaamad() {\n    let jaamad = document.getElementById(\"jaamad\");\n    let vastus5 = document.getElementById(\"vastus5\");\n    vastus5.innerText = \"Sinu nimetatud jaamad: \" + jaamad.value;\n}\n<\/code><\/pre>\n\n\n\n<p><strong>See funktsioon n\u00e4itab kasutaja arvamuse sisestatud teksti.<\/strong><\/p>\n\n\n\n<pre class=\"wp-block-code\"><code>function arvamus() {\n    let tekst = document.getElementById(\"tekst\");\n    let vastus2 = document.getElementById(\"vastus2\");\n    vastus2.innerText = \"Sinu arvamus: \" + tekst.value;\n}\n<\/code><\/pre>\n\n\n\n<p><strong>See funktsioon n\u00e4itab, kui kaua kasutaja kuulab muusikat p\u00e4evas.<\/strong><\/p>\n\n\n\n<pre class=\"wp-block-code\"><code>function muusikaSlider() {\n    let slider = document.getElementById(\"muusikaSlider\");\n    let vastus3 = document.getElementById(\"vastus3\");\n    vastus3.innerText = \"Sa kuulad muusikat \" + slider.value + \" tundi p\u00e4evas\";\n}\n<\/code><\/pre>\n\n\n\n<p><strong>See funktsioon n\u00e4itab, kas kasutaja kuulab raadiot (jah v\u00f5i ei).<\/strong><\/p>\n\n\n\n<pre class=\"wp-block-code\"><code>function radiokuulamine() {\n    let vastus4 = document.getElementById(\"vastus4\");\n    let jah = document.getElementById(\"jah\");\n\n    if (jah.checked) {\n        vastus4.innerText = \"Raadio kuulamine: jah\";\n    } else {\n        vastus4.innerText = \"Raadio kuulamine: ei\";\n    }\n}\n<\/code><\/pre>\n\n\n\n<p><strong>See funktsioon kuvab, milliseid muusikute t\u00fc\u00fcpe kasutaja on valinud.<\/strong><\/p>\n\n\n\n<pre class=\"wp-block-code\"><code>function muusikValik() {\n    let muusik1 = document.getElementById(\"muusik1\");\n    let muusik2 = document.getElementById(\"muusik2\");\n    let muusik3 = document.getElementById(\"muusik3\");\n    let vastus1 = document.getElementById(\"vastus1\");\n\n    let valik = \"\";\n\n    if (muusik1.checked) {\n        valik = valik + muusik1.value + \", \";\n    }\n    if (muusik2.checked) {\n        valik = valik + muusik2.value + \", \";\n    }\n    if (muusik3.checked) {\n        valik = valik + muusik3.value + \", \";\n    }\n\n    if (valik == \"\") {\n        vastus1.innerText = \"Sinu valitud muusikud: ...\";\n    } else {\n        vastus1.innerText = \"Sinu valitud muusikud: \" + valik;\n    }\n}\n<\/code><\/pre>\n\n\n\n<p><strong>See funktsioon puhastab k\u00f5ik valikud ja tekstid.<\/strong><\/p>\n\n\n\n<pre class=\"wp-block-code\"><code>function puhasta() {\n    let vastus1 = document.getElementById(\"vastus1\");\n    let muusik1 = document.getElementById(\"muusik1\");\n    let muusik2 = document.getElementById(\"muusik2\");\n    let muusik3 = document.getElementById(\"muusik3\");\n    let vastus2 = document.getElementById(\"vastus2\");\n    let tekst = document.getElementById(\"tekst\");\n    let vastus3 = document.getElementById(\"vastus3\");\n    let slider = document.getElementById(\"muusikaSlider\");\n    let vastus4 = document.getElementById(\"vastus4\");\n    let jah = document.getElementById(\"jah\");\n    let ei = document.getElementById(\"ei\");\n    let vastus5 = document.getElementById(\"vastus5\");\n    let jaamad = document.getElementById(\"jaamad\");\n    let kokkuvote = document.getElementById(\"kokkuvote\");\n\n    vastus1.innerText = \"\";\n    muusik1.checked = false;\n    muusik2.checked = false;\n    muusik3.checked = false;\n\n    vastus2.innerText = \"\";\n    tekst.value = \"\";\n\n    vastus3.innerText = \"\";\n    slider.value = 12;\n\n    vastus4.innerText = \"\";\n    jah.checked = false;\n    ei.checked = false;\n\n    vastus5.innerText = \"\";\n    jaamad.value = \"\";\n\n    kokkuvote.innerText = \"\";\n\n    document.getElementById(\"hiphop\").checked = false;\n    document.getElementById(\"rock\").checked = false;\n    document.getElementById(\"jazz\").checked = false;\n    document.getElementById(\"klassika\").checked = false;\n    document.getElementById(\"elektronika\").checked = false;\n    document.getElementById(\"rap\").checked = false;\n}\n<\/code><\/pre>\n\n\n\n<p><strong>See funktsioon kuvab k\u00f5igi valikute kokkuv\u00f5tte.<\/strong><\/p>\n\n\n\n<pre class=\"wp-block-code\"><code>function kokkuvote() {\n    let kokku = \"\";\n    kokku += document.getElementById(\"vastus1\").innerText + \", \";\n    kokku += document.getElementById(\"vastus2\").innerText + \", \";\n    kokku += document.getElementById(\"vastus3\").innerText + \", \";\n    kokku += document.getElementById(\"vastus4\").innerText + \", \";\n    kokku += document.getElementById(\"vastus5\").innerText + \", \";\n    document.getElementById(\"kokkuvote\").innerText = kokku;\n}\n<\/code><\/pre>\n","protected":false},"excerpt":{"rendered":"<p>Muusika K\u00fcsimused Milliseid muusikuid\/ansambleid sa tead? Eminem 50Cent Buldozers Mida arvad muusika kuulamisest koolis? Mitu tundi p\u00e4evas kuulad muusikat? 024 Kas sa kuulad raadiot? Jah Ei Milliseid raadiojaamu oskad nimetada? Millist muusikat sa k\u00f5ige rohkem kuulad? HipHop Rock Jazz Klassika Elektronika Rap Javascript funktsioonid See funktsioon v\u00f5tab kasutaja poolt valitud raadiojaamade nime ja kuvab selle. [&hellip;]<\/p>\n","protected":false},"author":1,"featured_media":0,"parent":0,"menu_order":0,"comment_status":"closed","ping_status":"closed","template":"page-with-title","meta":{"footnotes":""},"class_list":["post-719","page","type-page","status-publish","hentry"],"yoast_head":"<!-- This site is optimized with the Yoast SEO plugin v27.4 - https:\/\/yoast.com\/product\/yoast-seo-wordpress\/ -->\n<title>JS: Muusika ankeedi loomine - Roman Prikaztsikov Portfolio<\/title>\n<meta name=\"robots\" content=\"index, follow, max-snippet:-1, max-image-preview:large, max-video-preview:-1\" \/>\n<link rel=\"canonical\" href=\"https:\/\/romanprikaztsikov24.thkit.ee\/wp\/js-muusika-ankeedi-loomine\/\" \/>\n<meta property=\"og:locale\" content=\"et_EE\" \/>\n<meta property=\"og:type\" content=\"article\" \/>\n<meta property=\"og:title\" content=\"JS: Muusika ankeedi loomine - Roman Prikaztsikov Portfolio\" \/>\n<meta property=\"og:description\" content=\"Muusika K\u00fcsimused Milliseid muusikuid\/ansambleid sa tead? Eminem 50Cent Buldozers Mida arvad muusika kuulamisest koolis? Mitu tundi p\u00e4evas kuulad muusikat? 024 Kas sa kuulad raadiot? Jah Ei Milliseid raadiojaamu oskad nimetada? Millist muusikat sa k\u00f5ige rohkem kuulad? HipHop Rock Jazz Klassika Elektronika Rap Javascript funktsioonid See funktsioon v\u00f5tab kasutaja poolt valitud raadiojaamade nime ja kuvab selle. [&hellip;]\" \/>\n<meta property=\"og:url\" content=\"https:\/\/romanprikaztsikov24.thkit.ee\/wp\/js-muusika-ankeedi-loomine\/\" \/>\n<meta property=\"og:site_name\" content=\"Roman Prikaztsikov Portfolio\" \/>\n<meta property=\"article:modified_time\" content=\"2025-10-09T10:24:09+00:00\" \/>\n<meta name=\"twitter:card\" content=\"summary_large_image\" \/>\n<meta name=\"twitter:label1\" content=\"Est. reading time\" \/>\n\t<meta name=\"twitter:data1\" content=\"2 minutit\" \/>\n<script type=\"application\/ld+json\" class=\"yoast-schema-graph\">{\"@context\":\"https:\\\/\\\/schema.org\",\"@graph\":[{\"@type\":\"WebPage\",\"@id\":\"https:\\\/\\\/romanprikaztsikov24.thkit.ee\\\/wp\\\/js-muusika-ankeedi-loomine\\\/\",\"url\":\"https:\\\/\\\/romanprikaztsikov24.thkit.ee\\\/wp\\\/js-muusika-ankeedi-loomine\\\/\",\"name\":\"JS: Muusika ankeedi loomine - Roman Prikaztsikov Portfolio\",\"isPartOf\":{\"@id\":\"https:\\\/\\\/romanprikaztsikov24.thkit.ee\\\/wp\\\/#website\"},\"datePublished\":\"2025-10-09T08:53:16+00:00\",\"dateModified\":\"2025-10-09T10:24:09+00:00\",\"breadcrumb\":{\"@id\":\"https:\\\/\\\/romanprikaztsikov24.thkit.ee\\\/wp\\\/js-muusika-ankeedi-loomine\\\/#breadcrumb\"},\"inLanguage\":\"et\",\"potentialAction\":[{\"@type\":\"ReadAction\",\"target\":[\"https:\\\/\\\/romanprikaztsikov24.thkit.ee\\\/wp\\\/js-muusika-ankeedi-loomine\\\/\"]}]},{\"@type\":\"BreadcrumbList\",\"@id\":\"https:\\\/\\\/romanprikaztsikov24.thkit.ee\\\/wp\\\/js-muusika-ankeedi-loomine\\\/#breadcrumb\",\"itemListElement\":[{\"@type\":\"ListItem\",\"position\":1,\"name\":\"Home\",\"item\":\"https:\\\/\\\/romanprikaztsikov24.thkit.ee\\\/wp\\\/\"},{\"@type\":\"ListItem\",\"position\":2,\"name\":\"JS: Muusika ankeedi loomine\"}]},{\"@type\":\"WebSite\",\"@id\":\"https:\\\/\\\/romanprikaztsikov24.thkit.ee\\\/wp\\\/#website\",\"url\":\"https:\\\/\\\/romanprikaztsikov24.thkit.ee\\\/wp\\\/\",\"name\":\"Roman Prikaztsikov Portfolio\",\"description\":\"J&auml;rgmine WordPress veebileht\",\"potentialAction\":[{\"@type\":\"SearchAction\",\"target\":{\"@type\":\"EntryPoint\",\"urlTemplate\":\"https:\\\/\\\/romanprikaztsikov24.thkit.ee\\\/wp\\\/?s={search_term_string}\"},\"query-input\":{\"@type\":\"PropertyValueSpecification\",\"valueRequired\":true,\"valueName\":\"search_term_string\"}}],\"inLanguage\":\"et\"}]}<\/script>\n<!-- \/ Yoast SEO plugin. -->","yoast_head_json":{"title":"JS: Muusika ankeedi loomine - Roman Prikaztsikov Portfolio","robots":{"index":"index","follow":"follow","max-snippet":"max-snippet:-1","max-image-preview":"max-image-preview:large","max-video-preview":"max-video-preview:-1"},"canonical":"https:\/\/romanprikaztsikov24.thkit.ee\/wp\/js-muusika-ankeedi-loomine\/","og_locale":"et_EE","og_type":"article","og_title":"JS: Muusika ankeedi loomine - Roman Prikaztsikov Portfolio","og_description":"Muusika K\u00fcsimused Milliseid muusikuid\/ansambleid sa tead? Eminem 50Cent Buldozers Mida arvad muusika kuulamisest koolis? Mitu tundi p\u00e4evas kuulad muusikat? 024 Kas sa kuulad raadiot? Jah Ei Milliseid raadiojaamu oskad nimetada? Millist muusikat sa k\u00f5ige rohkem kuulad? HipHop Rock Jazz Klassika Elektronika Rap Javascript funktsioonid See funktsioon v\u00f5tab kasutaja poolt valitud raadiojaamade nime ja kuvab selle. [&hellip;]","og_url":"https:\/\/romanprikaztsikov24.thkit.ee\/wp\/js-muusika-ankeedi-loomine\/","og_site_name":"Roman Prikaztsikov Portfolio","article_modified_time":"2025-10-09T10:24:09+00:00","twitter_card":"summary_large_image","twitter_misc":{"Est. reading time":"2 minutit"},"schema":{"@context":"https:\/\/schema.org","@graph":[{"@type":"WebPage","@id":"https:\/\/romanprikaztsikov24.thkit.ee\/wp\/js-muusika-ankeedi-loomine\/","url":"https:\/\/romanprikaztsikov24.thkit.ee\/wp\/js-muusika-ankeedi-loomine\/","name":"JS: Muusika ankeedi loomine - Roman Prikaztsikov Portfolio","isPartOf":{"@id":"https:\/\/romanprikaztsikov24.thkit.ee\/wp\/#website"},"datePublished":"2025-10-09T08:53:16+00:00","dateModified":"2025-10-09T10:24:09+00:00","breadcrumb":{"@id":"https:\/\/romanprikaztsikov24.thkit.ee\/wp\/js-muusika-ankeedi-loomine\/#breadcrumb"},"inLanguage":"et","potentialAction":[{"@type":"ReadAction","target":["https:\/\/romanprikaztsikov24.thkit.ee\/wp\/js-muusika-ankeedi-loomine\/"]}]},{"@type":"BreadcrumbList","@id":"https:\/\/romanprikaztsikov24.thkit.ee\/wp\/js-muusika-ankeedi-loomine\/#breadcrumb","itemListElement":[{"@type":"ListItem","position":1,"name":"Home","item":"https:\/\/romanprikaztsikov24.thkit.ee\/wp\/"},{"@type":"ListItem","position":2,"name":"JS: Muusika ankeedi loomine"}]},{"@type":"WebSite","@id":"https:\/\/romanprikaztsikov24.thkit.ee\/wp\/#website","url":"https:\/\/romanprikaztsikov24.thkit.ee\/wp\/","name":"Roman Prikaztsikov Portfolio","description":"J&auml;rgmine WordPress veebileht","potentialAction":[{"@type":"SearchAction","target":{"@type":"EntryPoint","urlTemplate":"https:\/\/romanprikaztsikov24.thkit.ee\/wp\/?s={search_term_string}"},"query-input":{"@type":"PropertyValueSpecification","valueRequired":true,"valueName":"search_term_string"}}],"inLanguage":"et"}]}},"_links":{"self":[{"href":"https:\/\/romanprikaztsikov24.thkit.ee\/wp\/wp-json\/wp\/v2\/pages\/719","targetHints":{"allow":["GET"]}}],"collection":[{"href":"https:\/\/romanprikaztsikov24.thkit.ee\/wp\/wp-json\/wp\/v2\/pages"}],"about":[{"href":"https:\/\/romanprikaztsikov24.thkit.ee\/wp\/wp-json\/wp\/v2\/types\/page"}],"author":[{"embeddable":true,"href":"https:\/\/romanprikaztsikov24.thkit.ee\/wp\/wp-json\/wp\/v2\/users\/1"}],"replies":[{"embeddable":true,"href":"https:\/\/romanprikaztsikov24.thkit.ee\/wp\/wp-json\/wp\/v2\/comments?post=719"}],"version-history":[{"count":14,"href":"https:\/\/romanprikaztsikov24.thkit.ee\/wp\/wp-json\/wp\/v2\/pages\/719\/revisions"}],"predecessor-version":[{"id":771,"href":"https:\/\/romanprikaztsikov24.thkit.ee\/wp\/wp-json\/wp\/v2\/pages\/719\/revisions\/771"}],"wp:attachment":[{"href":"https:\/\/romanprikaztsikov24.thkit.ee\/wp\/wp-json\/wp\/v2\/media?parent=719"}],"curies":[{"name":"wp","href":"https:\/\/api.w.org\/{rel}","templated":true}]}}