{"id":756,"date":"2025-10-09T10:00:33","date_gmt":"2025-10-09T10:00:33","guid":{"rendered":"https:\/\/romanprikaztsikov24.thkit.ee\/wp\/?page_id=756"},"modified":"2025-10-09T10:07:43","modified_gmt":"2025-10-09T10:07:43","slug":"kuupaev-ulesanne","status":"publish","type":"page","link":"https:\/\/romanprikaztsikov24.thkit.ee\/wp\/kuupaev-ulesanne\/","title":{"rendered":"Kuup\u00e4ev \u00dclesanne"},"content":{"rendered":"\n<script>\nfunction kuvaTana(nupp) {\n    let sihtId = nupp.getAttribute(\"data-target\");\n    let sihtElement = document.getElementById(sihtId);\n    const praegu = new Date();\n\n    const kuupaev = praegu.toLocaleDateString('et-EE');\n    const kellaaeg = praegu.toLocaleTimeString('et-EE');\n    const kuupaevKellaaeg = praegu.toLocaleString('et-EE');\n\n    sihtElement.innerHTML = `\n        Kuup\u00e4ev: <strong>${kuupaev}<\/strong><br>\n        Kellaaeg: <strong>${kellaaeg}<\/strong><br>\n        M\u00f5lemad: <strong>${kuupaevKellaaeg}<\/strong>\n    `;\n\n    console.log(\"--- T\u00c4NA ON ---\");\n    console.log(\"Kuup\u00e4ev:\", kuupaev);\n    console.log(\"Kellaaeg:\", kellaaeg);\n    console.log(\"Kuup\u00e4ev ja kellaaeg:\", kuupaevKellaaeg);\n}\n\nfunction sunnipaevani(nupp) {\n    let sihtId = nupp.getAttribute(\"data-target\");\n    let sihtElement = document.getElementById(sihtId);\n\n    const praegu = new Date();\n    const praeguneAasta = praegu.getFullYear();\n    \n    let sunnipaev = new Date(praeguneAasta, 5, 5);\n\n    if (praegu.getTime() > sunnipaev.getTime()) {\n        sunnipaev.setFullYear(praeguneAasta + 1);\n    }\n\n    const vaheMs = sunnipaev.getTime() - praegu.getTime();\n    const paevad = Math.ceil(vaheMs \/ (1000 * 60 * 60 * 24));\n    \n    const vastusTekst = `Minu j\u00e4rgmise s\u00fcnnip\u00e4evani (5 juuni) on j\u00e4\u00e4nud <strong>${paevad}<\/strong> p\u00e4eva.`;\n    sihtElement.innerHTML = vastusTekst;\n    \n    console.log(\"--- S\u00dcNNIP\u00c4EV ---\");\n    console.log(vastusTekst.replace(\/<[^>]*>\/g, ''));\n}\n<\/script>\n\n\n\n<header>\n    <h1>Kuup\u00e4ev \u00dclesanne<\/h1>\n<\/header>\n\n<main>\n    <section class=\"osa2\">\n        <table>\n            <tr>\n                <td><input onclick=\"kuvaTana(this)\" type=\"button\" value=\"T\u00c4NA ON\" data-target=\"tanaOnVastus\"><\/td>\n                <td><span id=\"tanaOnVastus\"><\/span><\/td>\n            <\/tr>\n            <tr>\n                <td><input onclick=\"sunnipaevani(this)\" type=\"button\" value=\"Minu s\u00fcnnip\u00e4evani\" data-target=\"sunnipaevaniVastus\"><\/td>\n                <td><span id=\"sunnipaevaniVastus\"><\/span><\/td>\n            <\/tr>\n        <\/table>\n    <\/section>\n\n\n<script src=\"script.js\"><\/script>\n","protected":false},"excerpt":{"rendered":"<p>Kuup\u00e4ev \u00dclesanne<\/p>\n","protected":false},"author":1,"featured_media":0,"parent":0,"menu_order":0,"comment_status":"closed","ping_status":"closed","template":"page-with-title","meta":{"footnotes":""},"class_list":["post-756","page","type-page","status-publish","hentry"],"yoast_head":"<!-- This site is optimized with the Yoast SEO plugin v27.4 - https:\/\/yoast.com\/product\/yoast-seo-wordpress\/ -->\n<title>Kuup\u00e4ev \u00dclesanne - Roman Prikaztsikov Portfolio<\/title>\n<meta name=\"robots\" content=\"index, follow, max-snippet:-1, max-image-preview:large, max-video-preview:-1\" \/>\n<link rel=\"canonical\" href=\"https:\/\/romanprikaztsikov24.thkit.ee\/wp\/kuupaev-ulesanne\/\" \/>\n<meta property=\"og:locale\" content=\"et_EE\" \/>\n<meta property=\"og:type\" content=\"article\" \/>\n<meta property=\"og:title\" content=\"Kuup\u00e4ev \u00dclesanne - Roman Prikaztsikov Portfolio\" \/>\n<meta property=\"og:description\" content=\"Kuup\u00e4ev \u00dclesanne\" \/>\n<meta property=\"og:url\" content=\"https:\/\/romanprikaztsikov24.thkit.ee\/wp\/kuupaev-ulesanne\/\" \/>\n<meta property=\"og:site_name\" content=\"Roman Prikaztsikov Portfolio\" \/>\n<meta property=\"article:modified_time\" content=\"2025-10-09T10:07:43+00:00\" \/>\n<meta name=\"twitter:card\" content=\"summary_large_image\" \/>\n<script type=\"application\/ld+json\" class=\"yoast-schema-graph\">{\"@context\":\"https:\\\/\\\/schema.org\",\"@graph\":[{\"@type\":\"WebPage\",\"@id\":\"https:\\\/\\\/romanprikaztsikov24.thkit.ee\\\/wp\\\/kuupaev-ulesanne\\\/\",\"url\":\"https:\\\/\\\/romanprikaztsikov24.thkit.ee\\\/wp\\\/kuupaev-ulesanne\\\/\",\"name\":\"Kuup\u00e4ev \u00dclesanne - Roman Prikaztsikov Portfolio\",\"isPartOf\":{\"@id\":\"https:\\\/\\\/romanprikaztsikov24.thkit.ee\\\/wp\\\/#website\"},\"datePublished\":\"2025-10-09T10:00:33+00:00\",\"dateModified\":\"2025-10-09T10:07:43+00:00\",\"breadcrumb\":{\"@id\":\"https:\\\/\\\/romanprikaztsikov24.thkit.ee\\\/wp\\\/kuupaev-ulesanne\\\/#breadcrumb\"},\"inLanguage\":\"et\",\"potentialAction\":[{\"@type\":\"ReadAction\",\"target\":[\"https:\\\/\\\/romanprikaztsikov24.thkit.ee\\\/wp\\\/kuupaev-ulesanne\\\/\"]}]},{\"@type\":\"BreadcrumbList\",\"@id\":\"https:\\\/\\\/romanprikaztsikov24.thkit.ee\\\/wp\\\/kuupaev-ulesanne\\\/#breadcrumb\",\"itemListElement\":[{\"@type\":\"ListItem\",\"position\":1,\"name\":\"Home\",\"item\":\"https:\\\/\\\/romanprikaztsikov24.thkit.ee\\\/wp\\\/\"},{\"@type\":\"ListItem\",\"position\":2,\"name\":\"Kuup\u00e4ev \u00dclesanne\"}]},{\"@type\":\"WebSite\",\"@id\":\"https:\\\/\\\/romanprikaztsikov24.thkit.ee\\\/wp\\\/#website\",\"url\":\"https:\\\/\\\/romanprikaztsikov24.thkit.ee\\\/wp\\\/\",\"name\":\"Roman Prikaztsikov Portfolio\",\"description\":\"J&auml;rgmine WordPress veebileht\",\"potentialAction\":[{\"@type\":\"SearchAction\",\"target\":{\"@type\":\"EntryPoint\",\"urlTemplate\":\"https:\\\/\\\/romanprikaztsikov24.thkit.ee\\\/wp\\\/?s={search_term_string}\"},\"query-input\":{\"@type\":\"PropertyValueSpecification\",\"valueRequired\":true,\"valueName\":\"search_term_string\"}}],\"inLanguage\":\"et\"}]}<\/script>\n<!-- \/ Yoast SEO plugin. -->","yoast_head_json":{"title":"Kuup\u00e4ev \u00dclesanne - Roman Prikaztsikov Portfolio","robots":{"index":"index","follow":"follow","max-snippet":"max-snippet:-1","max-image-preview":"max-image-preview:large","max-video-preview":"max-video-preview:-1"},"canonical":"https:\/\/romanprikaztsikov24.thkit.ee\/wp\/kuupaev-ulesanne\/","og_locale":"et_EE","og_type":"article","og_title":"Kuup\u00e4ev \u00dclesanne - Roman Prikaztsikov Portfolio","og_description":"Kuup\u00e4ev \u00dclesanne","og_url":"https:\/\/romanprikaztsikov24.thkit.ee\/wp\/kuupaev-ulesanne\/","og_site_name":"Roman Prikaztsikov Portfolio","article_modified_time":"2025-10-09T10:07:43+00:00","twitter_card":"summary_large_image","schema":{"@context":"https:\/\/schema.org","@graph":[{"@type":"WebPage","@id":"https:\/\/romanprikaztsikov24.thkit.ee\/wp\/kuupaev-ulesanne\/","url":"https:\/\/romanprikaztsikov24.thkit.ee\/wp\/kuupaev-ulesanne\/","name":"Kuup\u00e4ev \u00dclesanne - Roman Prikaztsikov Portfolio","isPartOf":{"@id":"https:\/\/romanprikaztsikov24.thkit.ee\/wp\/#website"},"datePublished":"2025-10-09T10:00:33+00:00","dateModified":"2025-10-09T10:07:43+00:00","breadcrumb":{"@id":"https:\/\/romanprikaztsikov24.thkit.ee\/wp\/kuupaev-ulesanne\/#breadcrumb"},"inLanguage":"et","potentialAction":[{"@type":"ReadAction","target":["https:\/\/romanprikaztsikov24.thkit.ee\/wp\/kuupaev-ulesanne\/"]}]},{"@type":"BreadcrumbList","@id":"https:\/\/romanprikaztsikov24.thkit.ee\/wp\/kuupaev-ulesanne\/#breadcrumb","itemListElement":[{"@type":"ListItem","position":1,"name":"Home","item":"https:\/\/romanprikaztsikov24.thkit.ee\/wp\/"},{"@type":"ListItem","position":2,"name":"Kuup\u00e4ev \u00dclesanne"}]},{"@type":"WebSite","@id":"https:\/\/romanprikaztsikov24.thkit.ee\/wp\/#website","url":"https:\/\/romanprikaztsikov24.thkit.ee\/wp\/","name":"Roman Prikaztsikov Portfolio","description":"J&auml;rgmine WordPress veebileht","potentialAction":[{"@type":"SearchAction","target":{"@type":"EntryPoint","urlTemplate":"https:\/\/romanprikaztsikov24.thkit.ee\/wp\/?s={search_term_string}"},"query-input":{"@type":"PropertyValueSpecification","valueRequired":true,"valueName":"search_term_string"}}],"inLanguage":"et"}]}},"_links":{"self":[{"href":"https:\/\/romanprikaztsikov24.thkit.ee\/wp\/wp-json\/wp\/v2\/pages\/756","targetHints":{"allow":["GET"]}}],"collection":[{"href":"https:\/\/romanprikaztsikov24.thkit.ee\/wp\/wp-json\/wp\/v2\/pages"}],"about":[{"href":"https:\/\/romanprikaztsikov24.thkit.ee\/wp\/wp-json\/wp\/v2\/types\/page"}],"author":[{"embeddable":true,"href":"https:\/\/romanprikaztsikov24.thkit.ee\/wp\/wp-json\/wp\/v2\/users\/1"}],"replies":[{"embeddable":true,"href":"https:\/\/romanprikaztsikov24.thkit.ee\/wp\/wp-json\/wp\/v2\/comments?post=756"}],"version-history":[{"count":6,"href":"https:\/\/romanprikaztsikov24.thkit.ee\/wp\/wp-json\/wp\/v2\/pages\/756\/revisions"}],"predecessor-version":[{"id":765,"href":"https:\/\/romanprikaztsikov24.thkit.ee\/wp\/wp-json\/wp\/v2\/pages\/756\/revisions\/765"}],"wp:attachment":[{"href":"https:\/\/romanprikaztsikov24.thkit.ee\/wp\/wp-json\/wp\/v2\/media?parent=756"}],"curies":[{"name":"wp","href":"https:\/\/api.w.org\/{rel}","templated":true}]}}