{"id":862,"date":"2025-10-21T07:34:58","date_gmt":"2025-10-21T07:34:58","guid":{"rendered":"https:\/\/romanprikaztsikov24.thkit.ee\/wp\/?page_id=862"},"modified":"2025-10-21T08:38:08","modified_gmt":"2025-10-21T08:38:08","slug":"oma-plugin","status":"publish","type":"page","link":"https:\/\/romanprikaztsikov24.thkit.ee\/wp\/oma-plugin\/","title":{"rendered":"plugin.Minu valik"},"content":{"rendered":"\n<p>Valisin plugin &#8220;<strong>Smush<\/strong>&#8220;. See plugin optimeerib pilte, seda on \u00fcsna lihtne kasutada ja see on veebisaidi jaoks v\u00e4ga oluline, sest kui pildid on optimeeritud, t\u00f6\u00f6tab veebisait h\u00e4sti.<\/p>\n\n\n\n<figure class=\"wp-block-image size-full\"><img decoding=\"async\" width=\"556\" height=\"389\" data-src=\"https:\/\/romanprikaztsikov24.thkit.ee\/wp\/wp-content\/uploads\/2025\/10\/B185D376-D064-4FD5-8545-0B936BB60BE4.png\" alt=\"\" class=\"wp-image-863 lazyload\" data-srcset=\"https:\/\/romanprikaztsikov24.thkit.ee\/wp\/wp-content\/uploads\/2025\/10\/B185D376-D064-4FD5-8545-0B936BB60BE4.png 556w, https:\/\/romanprikaztsikov24.thkit.ee\/wp\/wp-content\/uploads\/2025\/10\/B185D376-D064-4FD5-8545-0B936BB60BE4-300x210.png 300w\" data-sizes=\"(max-width: 556px) 100vw, 556px\" src=\"data:image\/svg+xml;base64,PHN2ZyB3aWR0aD0iMSIgaGVpZ2h0PSIxIiB4bWxucz0iaHR0cDovL3d3dy53My5vcmcvMjAwMC9zdmciPjwvc3ZnPg==\" style=\"--smush-placeholder-width: 556px; --smush-placeholder-aspect-ratio: 556\/389;\" \/><\/figure>\n\n\n\n<p><strong>V\u00e4ga lihtne seadistada, j\u00e4rgides vaid samme<\/strong><\/p>\n\n\n\n<figure class=\"wp-block-image size-full\"><img decoding=\"async\" width=\"499\" height=\"453\" data-src=\"https:\/\/romanprikaztsikov24.thkit.ee\/wp\/wp-content\/uploads\/2025\/10\/7C71CF1B-096A-42C3-8980-C9BB225C70F4.png\" alt=\"\" class=\"wp-image-865 lazyload\" data-srcset=\"https:\/\/romanprikaztsikov24.thkit.ee\/wp\/wp-content\/uploads\/2025\/10\/7C71CF1B-096A-42C3-8980-C9BB225C70F4.png 499w, https:\/\/romanprikaztsikov24.thkit.ee\/wp\/wp-content\/uploads\/2025\/10\/7C71CF1B-096A-42C3-8980-C9BB225C70F4-300x272.png 300w\" data-sizes=\"(max-width: 499px) 100vw, 499px\" src=\"data:image\/svg+xml;base64,PHN2ZyB3aWR0aD0iMSIgaGVpZ2h0PSIxIiB4bWxucz0iaHR0cDovL3d3dy53My5vcmcvMjAwMC9zdmciPjwvc3ZnPg==\" style=\"--smush-placeholder-width: 499px; --smush-placeholder-aspect-ratio: 499\/453;\" \/><\/figure>\n\n\n\n<figure class=\"wp-block-image size-full\"><img decoding=\"async\" width=\"490\" height=\"668\" data-src=\"https:\/\/romanprikaztsikov24.thkit.ee\/wp\/wp-content\/uploads\/2025\/10\/94068DF9-40BA-41FD-93C9-15B162A85D86.png\" alt=\"\" class=\"wp-image-866 lazyload\" data-srcset=\"https:\/\/romanprikaztsikov24.thkit.ee\/wp\/wp-content\/uploads\/2025\/10\/94068DF9-40BA-41FD-93C9-15B162A85D86.png 490w, https:\/\/romanprikaztsikov24.thkit.ee\/wp\/wp-content\/uploads\/2025\/10\/94068DF9-40BA-41FD-93C9-15B162A85D86-220x300.png 220w\" data-sizes=\"(max-width: 490px) 100vw, 490px\" src=\"data:image\/svg+xml;base64,PHN2ZyB3aWR0aD0iMSIgaGVpZ2h0PSIxIiB4bWxucz0iaHR0cDovL3d3dy53My5vcmcvMjAwMC9zdmciPjwvc3ZnPg==\" style=\"--smush-placeholder-width: 490px; --smush-placeholder-aspect-ratio: 490\/668;\" \/><\/figure>\n\n\n\n<figure class=\"wp-block-image size-full\"><img decoding=\"async\" width=\"487\" height=\"427\" data-src=\"https:\/\/romanprikaztsikov24.thkit.ee\/wp\/wp-content\/uploads\/2025\/10\/85C73EB4-2C1B-4EAA-8682-0E7035862D24.png\" alt=\"\" class=\"wp-image-868 lazyload\" data-srcset=\"https:\/\/romanprikaztsikov24.thkit.ee\/wp\/wp-content\/uploads\/2025\/10\/85C73EB4-2C1B-4EAA-8682-0E7035862D24.png 487w, https:\/\/romanprikaztsikov24.thkit.ee\/wp\/wp-content\/uploads\/2025\/10\/85C73EB4-2C1B-4EAA-8682-0E7035862D24-300x263.png 300w\" data-sizes=\"(max-width: 487px) 100vw, 487px\" src=\"data:image\/svg+xml;base64,PHN2ZyB3aWR0aD0iMSIgaGVpZ2h0PSIxIiB4bWxucz0iaHR0cDovL3d3dy53My5vcmcvMjAwMC9zdmciPjwvc3ZnPg==\" style=\"--smush-placeholder-width: 487px; --smush-placeholder-aspect-ratio: 487\/427;\" \/><\/figure>\n\n\n\n<figure class=\"wp-block-image size-full\"><img decoding=\"async\" width=\"393\" height=\"432\" data-src=\"https:\/\/romanprikaztsikov24.thkit.ee\/wp\/wp-content\/uploads\/2025\/10\/967A1E91-5D90-4078-8715-383D938F6683.png\" alt=\"\" class=\"wp-image-869 lazyload\" data-srcset=\"https:\/\/romanprikaztsikov24.thkit.ee\/wp\/wp-content\/uploads\/2025\/10\/967A1E91-5D90-4078-8715-383D938F6683.png 393w, https:\/\/romanprikaztsikov24.thkit.ee\/wp\/wp-content\/uploads\/2025\/10\/967A1E91-5D90-4078-8715-383D938F6683-273x300.png 273w\" data-sizes=\"(max-width: 393px) 100vw, 393px\" src=\"data:image\/svg+xml;base64,PHN2ZyB3aWR0aD0iMSIgaGVpZ2h0PSIxIiB4bWxucz0iaHR0cDovL3d3dy53My5vcmcvMjAwMC9zdmciPjwvc3ZnPg==\" style=\"--smush-placeholder-width: 393px; --smush-placeholder-aspect-ratio: 393\/432;\" \/><\/figure>\n\n\n\n<p><strong>Lazy Load status must be active here to get faster initial loads.<\/strong><\/p>\n\n\n\n<figure class=\"wp-block-image size-full\"><img decoding=\"async\" width=\"829\" height=\"472\" data-src=\"https:\/\/romanprikaztsikov24.thkit.ee\/wp\/wp-content\/uploads\/2025\/10\/3F8E1805-DC64-4434-AA34-36906D61073D.png\" alt=\"\" class=\"wp-image-870 lazyload\" data-srcset=\"https:\/\/romanprikaztsikov24.thkit.ee\/wp\/wp-content\/uploads\/2025\/10\/3F8E1805-DC64-4434-AA34-36906D61073D.png 829w, https:\/\/romanprikaztsikov24.thkit.ee\/wp\/wp-content\/uploads\/2025\/10\/3F8E1805-DC64-4434-AA34-36906D61073D-300x171.png 300w, https:\/\/romanprikaztsikov24.thkit.ee\/wp\/wp-content\/uploads\/2025\/10\/3F8E1805-DC64-4434-AA34-36906D61073D-768x437.png 768w\" data-sizes=\"(max-width: 829px) 100vw, 829px\" src=\"data:image\/svg+xml;base64,PHN2ZyB3aWR0aD0iMSIgaGVpZ2h0PSIxIiB4bWxucz0iaHR0cDovL3d3dy53My5vcmcvMjAwMC9zdmciPjwvc3ZnPg==\" style=\"--smush-placeholder-width: 829px; --smush-placeholder-aspect-ratio: 829\/472;\" \/><\/figure>\n\n\n\n<p>In the <strong>Smush<\/strong> tab go to the <strong>Bulk Smush <\/strong>and Choose the <strong>Smush Mode<\/strong>:<br>1.<strong>Basic<\/strong> &#8211; kvaliteedi langust ei toimu, kerge optimeerimine<br>2.<strong>Super<\/strong> &#8211; M\u00f5ningane kvaliteedi langus, aga m\u00e4rkimisv\u00e4\u00e4rne optimeerimine.<\/p>\n\n\n\n<figure class=\"wp-block-image size-large\"><img decoding=\"async\" width=\"1024\" height=\"469\" data-src=\"https:\/\/romanprikaztsikov24.thkit.ee\/wp\/wp-content\/uploads\/2025\/10\/50DB63D2-D66F-41DC-9F62-36068801F02E-1024x469.png\" alt=\"\" class=\"wp-image-873 lazyload\" data-srcset=\"https:\/\/romanprikaztsikov24.thkit.ee\/wp\/wp-content\/uploads\/2025\/10\/50DB63D2-D66F-41DC-9F62-36068801F02E-1024x469.png 1024w, https:\/\/romanprikaztsikov24.thkit.ee\/wp\/wp-content\/uploads\/2025\/10\/50DB63D2-D66F-41DC-9F62-36068801F02E-300x137.png 300w, https:\/\/romanprikaztsikov24.thkit.ee\/wp\/wp-content\/uploads\/2025\/10\/50DB63D2-D66F-41DC-9F62-36068801F02E-768x352.png 768w, https:\/\/romanprikaztsikov24.thkit.ee\/wp\/wp-content\/uploads\/2025\/10\/50DB63D2-D66F-41DC-9F62-36068801F02E.png 1221w\" data-sizes=\"(max-width: 1024px) 100vw, 1024px\" src=\"data:image\/svg+xml;base64,PHN2ZyB3aWR0aD0iMSIgaGVpZ2h0PSIxIiB4bWxucz0iaHR0cDovL3d3dy53My5vcmcvMjAwMC9zdmciPjwvc3ZnPg==\" style=\"--smush-placeholder-width: 1024px; --smush-placeholder-aspect-ratio: 1024\/469;\" \/><\/figure>\n","protected":false},"excerpt":{"rendered":"<p>Valisin plugin &#8220;Smush&#8220;. See plugin optimeerib pilte, seda on \u00fcsna lihtne kasutada ja see on veebisaidi jaoks v\u00e4ga oluline, sest kui pildid on optimeeritud, t\u00f6\u00f6tab veebisait h\u00e4sti. V\u00e4ga lihtne seadistada, j\u00e4rgides vaid samme Lazy Load status must be active here to get faster initial loads. In the Smush tab go to the Bulk Smush and [&hellip;]<\/p>\n","protected":false},"author":1,"featured_media":0,"parent":0,"menu_order":0,"comment_status":"closed","ping_status":"closed","template":"page-with-title","meta":{"footnotes":""},"class_list":["post-862","page","type-page","status-publish","hentry"],"yoast_head":"<!-- This site is optimized with the Yoast SEO plugin v27.4 - https:\/\/yoast.com\/product\/yoast-seo-wordpress\/ -->\n<title>plugin.Minu valik - Roman Prikaztsikov Portfolio<\/title>\n<meta name=\"robots\" content=\"index, follow, max-snippet:-1, max-image-preview:large, max-video-preview:-1\" \/>\n<link rel=\"canonical\" href=\"https:\/\/romanprikaztsikov24.thkit.ee\/wp\/oma-plugin\/\" \/>\n<meta property=\"og:locale\" content=\"et_EE\" \/>\n<meta property=\"og:type\" content=\"article\" \/>\n<meta property=\"og:title\" content=\"plugin.Minu valik - Roman Prikaztsikov Portfolio\" \/>\n<meta property=\"og:description\" content=\"Valisin plugin &#8220;Smush&#8220;. See plugin optimeerib pilte, seda on \u00fcsna lihtne kasutada ja see on veebisaidi jaoks v\u00e4ga oluline, sest kui pildid on optimeeritud, t\u00f6\u00f6tab veebisait h\u00e4sti. V\u00e4ga lihtne seadistada, j\u00e4rgides vaid samme Lazy Load status must be active here to get faster initial loads. In the Smush tab go to the Bulk Smush and [&hellip;]\" \/>\n<meta property=\"og:url\" content=\"https:\/\/romanprikaztsikov24.thkit.ee\/wp\/oma-plugin\/\" \/>\n<meta property=\"og:site_name\" content=\"Roman Prikaztsikov Portfolio\" \/>\n<meta property=\"article:modified_time\" content=\"2025-10-21T08:38:08+00:00\" \/>\n<meta property=\"og:image\" content=\"https:\/\/romanprikaztsikov24.thkit.ee\/wp\/wp-content\/uploads\/2025\/10\/B185D376-D064-4FD5-8545-0B936BB60BE4.png\" \/>\n\t<meta property=\"og:image:width\" content=\"556\" \/>\n\t<meta property=\"og:image:height\" content=\"389\" \/>\n\t<meta property=\"og:image:type\" content=\"image\/png\" \/>\n<meta name=\"twitter:card\" content=\"summary_large_image\" \/>\n<script type=\"application\/ld+json\" class=\"yoast-schema-graph\">{\"@context\":\"https:\\\/\\\/schema.org\",\"@graph\":[{\"@type\":\"WebPage\",\"@id\":\"https:\\\/\\\/romanprikaztsikov24.thkit.ee\\\/wp\\\/oma-plugin\\\/\",\"url\":\"https:\\\/\\\/romanprikaztsikov24.thkit.ee\\\/wp\\\/oma-plugin\\\/\",\"name\":\"plugin.Minu valik - Roman Prikaztsikov Portfolio\",\"isPartOf\":{\"@id\":\"https:\\\/\\\/romanprikaztsikov24.thkit.ee\\\/wp\\\/#website\"},\"primaryImageOfPage\":{\"@id\":\"https:\\\/\\\/romanprikaztsikov24.thkit.ee\\\/wp\\\/oma-plugin\\\/#primaryimage\"},\"image\":{\"@id\":\"https:\\\/\\\/romanprikaztsikov24.thkit.ee\\\/wp\\\/oma-plugin\\\/#primaryimage\"},\"thumbnailUrl\":\"https:\\\/\\\/romanprikaztsikov24.thkit.ee\\\/wp\\\/wp-content\\\/uploads\\\/2025\\\/10\\\/B185D376-D064-4FD5-8545-0B936BB60BE4.png\",\"datePublished\":\"2025-10-21T07:34:58+00:00\",\"dateModified\":\"2025-10-21T08:38:08+00:00\",\"breadcrumb\":{\"@id\":\"https:\\\/\\\/romanprikaztsikov24.thkit.ee\\\/wp\\\/oma-plugin\\\/#breadcrumb\"},\"inLanguage\":\"et\",\"potentialAction\":[{\"@type\":\"ReadAction\",\"target\":[\"https:\\\/\\\/romanprikaztsikov24.thkit.ee\\\/wp\\\/oma-plugin\\\/\"]}]},{\"@type\":\"ImageObject\",\"inLanguage\":\"et\",\"@id\":\"https:\\\/\\\/romanprikaztsikov24.thkit.ee\\\/wp\\\/oma-plugin\\\/#primaryimage\",\"url\":\"https:\\\/\\\/romanprikaztsikov24.thkit.ee\\\/wp\\\/wp-content\\\/uploads\\\/2025\\\/10\\\/B185D376-D064-4FD5-8545-0B936BB60BE4.png\",\"contentUrl\":\"https:\\\/\\\/romanprikaztsikov24.thkit.ee\\\/wp\\\/wp-content\\\/uploads\\\/2025\\\/10\\\/B185D376-D064-4FD5-8545-0B936BB60BE4.png\",\"width\":556,\"height\":389},{\"@type\":\"BreadcrumbList\",\"@id\":\"https:\\\/\\\/romanprikaztsikov24.thkit.ee\\\/wp\\\/oma-plugin\\\/#breadcrumb\",\"itemListElement\":[{\"@type\":\"ListItem\",\"position\":1,\"name\":\"Home\",\"item\":\"https:\\\/\\\/romanprikaztsikov24.thkit.ee\\\/wp\\\/\"},{\"@type\":\"ListItem\",\"position\":2,\"name\":\"plugin.Minu valik\"}]},{\"@type\":\"WebSite\",\"@id\":\"https:\\\/\\\/romanprikaztsikov24.thkit.ee\\\/wp\\\/#website\",\"url\":\"https:\\\/\\\/romanprikaztsikov24.thkit.ee\\\/wp\\\/\",\"name\":\"Roman Prikaztsikov Portfolio\",\"description\":\"J&auml;rgmine WordPress veebileht\",\"potentialAction\":[{\"@type\":\"SearchAction\",\"target\":{\"@type\":\"EntryPoint\",\"urlTemplate\":\"https:\\\/\\\/romanprikaztsikov24.thkit.ee\\\/wp\\\/?s={search_term_string}\"},\"query-input\":{\"@type\":\"PropertyValueSpecification\",\"valueRequired\":true,\"valueName\":\"search_term_string\"}}],\"inLanguage\":\"et\"}]}<\/script>\n<!-- \/ Yoast SEO plugin. -->","yoast_head_json":{"title":"plugin.Minu valik - Roman Prikaztsikov Portfolio","robots":{"index":"index","follow":"follow","max-snippet":"max-snippet:-1","max-image-preview":"max-image-preview:large","max-video-preview":"max-video-preview:-1"},"canonical":"https:\/\/romanprikaztsikov24.thkit.ee\/wp\/oma-plugin\/","og_locale":"et_EE","og_type":"article","og_title":"plugin.Minu valik - Roman Prikaztsikov Portfolio","og_description":"Valisin plugin &#8220;Smush&#8220;. See plugin optimeerib pilte, seda on \u00fcsna lihtne kasutada ja see on veebisaidi jaoks v\u00e4ga oluline, sest kui pildid on optimeeritud, t\u00f6\u00f6tab veebisait h\u00e4sti. V\u00e4ga lihtne seadistada, j\u00e4rgides vaid samme Lazy Load status must be active here to get faster initial loads. In the Smush tab go to the Bulk Smush and [&hellip;]","og_url":"https:\/\/romanprikaztsikov24.thkit.ee\/wp\/oma-plugin\/","og_site_name":"Roman Prikaztsikov Portfolio","article_modified_time":"2025-10-21T08:38:08+00:00","og_image":[{"width":556,"height":389,"url":"https:\/\/romanprikaztsikov24.thkit.ee\/wp\/wp-content\/uploads\/2025\/10\/B185D376-D064-4FD5-8545-0B936BB60BE4.png","type":"image\/png"}],"twitter_card":"summary_large_image","schema":{"@context":"https:\/\/schema.org","@graph":[{"@type":"WebPage","@id":"https:\/\/romanprikaztsikov24.thkit.ee\/wp\/oma-plugin\/","url":"https:\/\/romanprikaztsikov24.thkit.ee\/wp\/oma-plugin\/","name":"plugin.Minu valik - Roman Prikaztsikov Portfolio","isPartOf":{"@id":"https:\/\/romanprikaztsikov24.thkit.ee\/wp\/#website"},"primaryImageOfPage":{"@id":"https:\/\/romanprikaztsikov24.thkit.ee\/wp\/oma-plugin\/#primaryimage"},"image":{"@id":"https:\/\/romanprikaztsikov24.thkit.ee\/wp\/oma-plugin\/#primaryimage"},"thumbnailUrl":"https:\/\/romanprikaztsikov24.thkit.ee\/wp\/wp-content\/uploads\/2025\/10\/B185D376-D064-4FD5-8545-0B936BB60BE4.png","datePublished":"2025-10-21T07:34:58+00:00","dateModified":"2025-10-21T08:38:08+00:00","breadcrumb":{"@id":"https:\/\/romanprikaztsikov24.thkit.ee\/wp\/oma-plugin\/#breadcrumb"},"inLanguage":"et","potentialAction":[{"@type":"ReadAction","target":["https:\/\/romanprikaztsikov24.thkit.ee\/wp\/oma-plugin\/"]}]},{"@type":"ImageObject","inLanguage":"et","@id":"https:\/\/romanprikaztsikov24.thkit.ee\/wp\/oma-plugin\/#primaryimage","url":"https:\/\/romanprikaztsikov24.thkit.ee\/wp\/wp-content\/uploads\/2025\/10\/B185D376-D064-4FD5-8545-0B936BB60BE4.png","contentUrl":"https:\/\/romanprikaztsikov24.thkit.ee\/wp\/wp-content\/uploads\/2025\/10\/B185D376-D064-4FD5-8545-0B936BB60BE4.png","width":556,"height":389},{"@type":"BreadcrumbList","@id":"https:\/\/romanprikaztsikov24.thkit.ee\/wp\/oma-plugin\/#breadcrumb","itemListElement":[{"@type":"ListItem","position":1,"name":"Home","item":"https:\/\/romanprikaztsikov24.thkit.ee\/wp\/"},{"@type":"ListItem","position":2,"name":"plugin.Minu valik"}]},{"@type":"WebSite","@id":"https:\/\/romanprikaztsikov24.thkit.ee\/wp\/#website","url":"https:\/\/romanprikaztsikov24.thkit.ee\/wp\/","name":"Roman Prikaztsikov Portfolio","description":"J&auml;rgmine WordPress veebileht","potentialAction":[{"@type":"SearchAction","target":{"@type":"EntryPoint","urlTemplate":"https:\/\/romanprikaztsikov24.thkit.ee\/wp\/?s={search_term_string}"},"query-input":{"@type":"PropertyValueSpecification","valueRequired":true,"valueName":"search_term_string"}}],"inLanguage":"et"}]}},"_links":{"self":[{"href":"https:\/\/romanprikaztsikov24.thkit.ee\/wp\/wp-json\/wp\/v2\/pages\/862","targetHints":{"allow":["GET"]}}],"collection":[{"href":"https:\/\/romanprikaztsikov24.thkit.ee\/wp\/wp-json\/wp\/v2\/pages"}],"about":[{"href":"https:\/\/romanprikaztsikov24.thkit.ee\/wp\/wp-json\/wp\/v2\/types\/page"}],"author":[{"embeddable":true,"href":"https:\/\/romanprikaztsikov24.thkit.ee\/wp\/wp-json\/wp\/v2\/users\/1"}],"replies":[{"embeddable":true,"href":"https:\/\/romanprikaztsikov24.thkit.ee\/wp\/wp-json\/wp\/v2\/comments?post=862"}],"version-history":[{"count":6,"href":"https:\/\/romanprikaztsikov24.thkit.ee\/wp\/wp-json\/wp\/v2\/pages\/862\/revisions"}],"predecessor-version":[{"id":879,"href":"https:\/\/romanprikaztsikov24.thkit.ee\/wp\/wp-json\/wp\/v2\/pages\/862\/revisions\/879"}],"wp:attachment":[{"href":"https:\/\/romanprikaztsikov24.thkit.ee\/wp\/wp-json\/wp\/v2\/media?parent=862"}],"curies":[{"name":"wp","href":"https:\/\/api.w.org\/{rel}","templated":true}]}}